{"id":11930,"date":"2023-09-02T08:35:39","date_gmt":"2023-09-02T08:35:39","guid":{"rendered":"https:\/\/gustavo-castro.com\/blog\/?page_id=11930"},"modified":"2023-09-02T09:18:22","modified_gmt":"2023-09-02T09:18:22","slug":"imagen-y-photoshop-2","status":"publish","type":"page","link":"https:\/\/gustavo-castro.com\/blog\/imagen-y-photoshop-2\/","title":{"rendered":"Inteligencia Artificial"},"content":{"rendered":"\t\t<div data-elementor-type=\"wp-page\" data-elementor-id=\"11930\" class=\"elementor elementor-11930\">\n\t\t\t\t\t\t\t\t\t<section class=\"elementor-section elementor-top-section elementor-element elementor-element-1bcc3fa elementor-section-full_width elementor-section-height-default elementor-section-height-default\" data-id=\"1bcc3fa\" data-element_type=\"section\">\n\t\t\t\t\t\t<div class=\"elementor-container elementor-column-gap-no\">\n\t\t\t\t\t<div class=\"elementor-column elementor-col-100 elementor-top-column elementor-element elementor-element-1624a8f\" data-id=\"1624a8f\" data-element_type=\"column\">\n\t\t\t<div class=\"elementor-widget-wrap elementor-element-populated\">\n\t\t\t\t\t\t\t\t<div class=\"elementor-element elementor-element-c4531cd elementor--h-position-center elementor--v-position-middle elementor-arrows-position-inside elementor-pagination-position-inside elementor-widget elementor-widget-slides\" data-id=\"c4531cd\" data-element_type=\"widget\" data-settings=\"{&quot;navigation&quot;:&quot;both&quot;,&quot;autoplay&quot;:&quot;yes&quot;,&quot;pause_on_hover&quot;:&quot;yes&quot;,&quot;pause_on_interaction&quot;:&quot;yes&quot;,&quot;autoplay_speed&quot;:5000,&quot;infinite&quot;:&quot;yes&quot;,&quot;transition&quot;:&quot;slide&quot;,&quot;transition_speed&quot;:500}\" data-widget_type=\"slides.default\">\n\t\t\t\t<div class=\"elementor-widget-container\">\n\t\t\t<style>\/*! elementor-pro - v3.7.7 - 20-09-2022 *\/\n.elementor-slides .swiper-slide-bg{background-size:cover;background-position:50%;background-repeat:no-repeat;min-width:100%;min-height:100%}.elementor-slides .swiper-slide-inner{background-repeat:no-repeat;background-position:50%;position:absolute;top:0;left:0;bottom:0;right:0;padding:50px;margin:auto}.elementor-slides .swiper-slide-inner,.elementor-slides .swiper-slide-inner:hover{color:#fff;display:-webkit-box;display:-ms-flexbox;display:flex}.elementor-slides .swiper-slide-inner .elementor-background-overlay{position:absolute;z-index:0;top:0;bottom:0;left:0;right:0}.elementor-slides .swiper-slide-inner .elementor-slide-content{position:relative;z-index:1;width:100%}.elementor-slides .swiper-slide-inner .elementor-slide-heading{font-size:35px;font-weight:700;line-height:1}.elementor-slides .swiper-slide-inner .elementor-slide-description{font-size:17px;line-height:1.4}.elementor-slides .swiper-slide-inner .elementor-slide-description:not(:last-child),.elementor-slides .swiper-slide-inner .elementor-slide-heading:not(:last-child){margin-bottom:30px}.elementor-slides .swiper-slide-inner .elementor-slide-button{border:2px solid #fff;color:#fff;background:transparent;display:inline-block}.elementor-slides .swiper-slide-inner .elementor-slide-button,.elementor-slides .swiper-slide-inner .elementor-slide-button:hover{background:transparent;color:inherit;text-decoration:none}.elementor--v-position-top .swiper-slide-inner{-webkit-box-align:start;-ms-flex-align:start;align-items:flex-start}.elementor--v-position-bottom .swiper-slide-inner{-webkit-box-align:end;-ms-flex-align:end;align-items:flex-end}.elementor--v-position-middle .swiper-slide-inner{-webkit-box-align:center;-ms-flex-align:center;align-items:center}.elementor--h-position-left .swiper-slide-inner{-webkit-box-pack:start;-ms-flex-pack:start;justify-content:flex-start}.elementor--h-position-right .swiper-slide-inner{-webkit-box-pack:end;-ms-flex-pack:end;justify-content:flex-end}.elementor--h-position-center .swiper-slide-inner{-webkit-box-pack:center;-ms-flex-pack:center;justify-content:center}body.rtl .elementor-widget-slides .elementor-swiper-button-next{left:10px;right:auto}body.rtl .elementor-widget-slides .elementor-swiper-button-prev{right:10px;left:auto}.elementor-slides-wrapper div:not(.swiper-slide)>.swiper-slide-inner{display:none}@media (max-width:767px){.elementor-slides .swiper-slide-inner{padding:30px}.elementor-slides .swiper-slide-inner .elementor-slide-heading{font-size:23px;line-height:1;margin-bottom:15px}.elementor-slides .swiper-slide-inner .elementor-slide-description{font-size:13px;line-height:1.4;margin-bottom:15px}}<\/style>\t\t<div class=\"elementor-swiper\">\n\t\t\t<div class=\"elementor-slides-wrapper elementor-main-swiper swiper-container\" dir=\"ltr\" data-animation=\"fadeInUp\">\n\t\t\t\t<div class=\"swiper-wrapper elementor-slides\">\n\t\t\t\t\t\t\t\t\t\t<div class=\"elementor-repeater-item-737b5e0 swiper-slide\"><div class=\"swiper-slide-bg\"><\/div><div class=\"swiper-slide-inner\" ><div class=\"swiper-slide-contents\"><\/div><\/div><\/div>\t\t\t\t<\/div>\n\t\t\t\t\t\t\t<\/div>\n\t\t<\/div>\n\t\t\t\t<\/div>\n\t\t\t\t<\/div>\n\t\t\t\t\t<\/div>\n\t\t<\/div>\n\t\t\t\t\t\t\t<\/div>\n\t\t<\/section>\n\t\t\t\t<section class=\"elementor-section elementor-top-section elementor-element elementor-element-85eaaee elementor-section-boxed elementor-section-height-default elementor-section-height-default\" data-id=\"85eaaee\" data-element_type=\"section\">\n\t\t\t\t\t\t<div class=\"elementor-container elementor-column-gap-default\">\n\t\t\t\t\t<div class=\"elementor-column elementor-col-100 elementor-top-column elementor-element elementor-element-3313fd1\" data-id=\"3313fd1\" data-element_type=\"column\">\n\t\t\t<div class=\"elementor-widget-wrap elementor-element-populated\">\n\t\t\t\t\t\t\t\t<div class=\"elementor-element elementor-element-83f15b6 elementor-widget elementor-widget-spacer\" data-id=\"83f15b6\" data-element_type=\"widget\" data-widget_type=\"spacer.default\">\n\t\t\t\t<div class=\"elementor-widget-container\">\n\t\t\t<style>\/*! elementor - v3.8.1 - 13-11-2022 *\/\n.elementor-column .elementor-spacer-inner{height:var(--spacer-size)}.e-con{--container-widget-width:100%}.e-con-inner>.elementor-widget-spacer,.e-con>.elementor-widget-spacer{width:var(--container-widget-width,var(--spacer-size));-ms-flex-item-align:stretch;align-self:stretch;-ms-flex-negative:0;flex-shrink:0}.e-con-inner>.elementor-widget-spacer>.elementor-widget-container,.e-con-inner>.elementor-widget-spacer>.elementor-widget-container>.elementor-spacer,.e-con>.elementor-widget-spacer>.elementor-widget-container,.e-con>.elementor-widget-spacer>.elementor-widget-container>.elementor-spacer{height:100%}.e-con-inner>.elementor-widget-spacer>.elementor-widget-container>.elementor-spacer>.elementor-spacer-inner,.e-con>.elementor-widget-spacer>.elementor-widget-container>.elementor-spacer>.elementor-spacer-inner{height:var(--container-widget-height,var(--spacer-size))}<\/style>\t\t<div class=\"elementor-spacer\">\n\t\t\t<div class=\"elementor-spacer-inner\"><\/div>\n\t\t<\/div>\n\t\t\t\t<\/div>\n\t\t\t\t<\/div>\n\t\t\t\t\t<\/div>\n\t\t<\/div>\n\t\t\t\t\t\t\t<\/div>\n\t\t<\/section>\n\t\t\t\t<section class=\"elementor-section elementor-top-section elementor-element elementor-element-a3667a9 elementor-section-boxed elementor-section-height-default elementor-section-height-default\" data-id=\"a3667a9\" data-element_type=\"section\">\n\t\t\t\t\t\t<div class=\"elementor-container elementor-column-gap-default\">\n\t\t\t\t\t<div class=\"elementor-column elementor-col-100 elementor-top-column elementor-element elementor-element-ef0a3f7\" data-id=\"ef0a3f7\" data-element_type=\"column\">\n\t\t\t<div class=\"elementor-widget-wrap elementor-element-populated\">\n\t\t\t\t\t\t\t\t<div class=\"elementor-element elementor-element-87b7638 elementor-widget elementor-widget-heading\" data-id=\"87b7638\" data-element_type=\"widget\" data-widget_type=\"heading.default\">\n\t\t\t\t<div class=\"elementor-widget-container\">\n\t\t\t<style>\/*! elementor - v3.8.1 - 13-11-2022 *\/\n.elementor-heading-title{padding:0;margin:0;line-height:1}.elementor-widget-heading .elementor-heading-title[class*=elementor-size-]>a{color:inherit;font-size:inherit;line-height:inherit}.elementor-widget-heading .elementor-heading-title.elementor-size-small{font-size:15px}.elementor-widget-heading .elementor-heading-title.elementor-size-medium{font-size:19px}.elementor-widget-heading .elementor-heading-title.elementor-size-large{font-size:29px}.elementor-widget-heading .elementor-heading-title.elementor-size-xl{font-size:39px}.elementor-widget-heading .elementor-heading-title.elementor-size-xxl{font-size:59px}<\/style><h1 class=\"elementor-heading-title elementor-size-default\">Inteligencia artificial<\/h1>\t\t<\/div>\n\t\t\t\t<\/div>\n\t\t\t\t\t<\/div>\n\t\t<\/div>\n\t\t\t\t\t\t\t<\/div>\n\t\t<\/section>\n\t\t\t\t<section class=\"elementor-section elementor-top-section elementor-element elementor-element-89ed22c elementor-section-boxed elementor-section-height-default elementor-section-height-default\" data-id=\"89ed22c\" data-element_type=\"section\">\n\t\t\t\t\t\t<div class=\"elementor-container elementor-column-gap-default\">\n\t\t\t\t\t<div class=\"elementor-column elementor-col-100 elementor-top-column elementor-element elementor-element-eff67a1\" data-id=\"eff67a1\" data-element_type=\"column\">\n\t\t\t<div class=\"elementor-widget-wrap elementor-element-populated\">\n\t\t\t\t\t\t\t\t<div class=\"elementor-element elementor-element-243ba0b elementor-grid-3 elementor-grid-tablet-2 elementor-grid-mobile-1 elementor-posts--thumbnail-top load-more-align-center elementor-widget elementor-widget-posts\" data-id=\"243ba0b\" data-element_type=\"widget\" data-settings=\"{&quot;classic_masonry&quot;:&quot;yes&quot;,&quot;pagination_type&quot;:&quot;load_more_on_click&quot;,&quot;classic_columns&quot;:&quot;3&quot;,&quot;classic_columns_tablet&quot;:&quot;2&quot;,&quot;classic_columns_mobile&quot;:&quot;1&quot;,&quot;classic_row_gap&quot;:{&quot;unit&quot;:&quot;px&quot;,&quot;size&quot;:35,&quot;sizes&quot;:[]},&quot;classic_row_gap_tablet&quot;:{&quot;unit&quot;:&quot;px&quot;,&quot;size&quot;:&quot;&quot;,&quot;sizes&quot;:[]},&quot;classic_row_gap_mobile&quot;:{&quot;unit&quot;:&quot;px&quot;,&quot;size&quot;:&quot;&quot;,&quot;sizes&quot;:[]},&quot;load_more_spinner&quot;:{&quot;value&quot;:&quot;fas fa-spinner&quot;,&quot;library&quot;:&quot;fa-solid&quot;}}\" data-widget_type=\"posts.classic\">\n\t\t\t\t<div class=\"elementor-widget-container\">\n\t\t\t<link rel=\"stylesheet\" href=\"https:\/\/gustavo-castro.com\/blog\/wp-content\/plugins\/elementor-pro\/assets\/css\/widget-posts.min.css\">\t\t<div class=\"elementor-posts-container elementor-posts elementor-posts--skin-classic elementor-grid\">\n\t\t\t\t<article class=\"elementor-post elementor-grid-item post-16289 post type-post status-publish format-standard has-post-thumbnail hentry category-inteligencia-artificial category-recursos\">\n\t\t\t\t<a class=\"elementor-post__thumbnail__link\" href=\"https:\/\/gustavo-castro.com\/blog\/estilos-en-stable-diffusion\/\" >\n\t\t\t<div class=\"elementor-post__thumbnail\"><img width=\"768\" height=\"576\" src=\"https:\/\/gustavo-castro.com\/blog\/wp-content\/uploads\/2023\/11\/estilos-sd-768x576.jpg\" class=\"attachment-medium_large size-medium_large\" alt=\"estilos sd\" loading=\"lazy\" \/><\/div>\n\t\t<\/a>\n\t\t\t\t<div class=\"elementor-post__text\">\n\t\t\t\t<h3 class=\"elementor-post__title\">\n\t\t\t<a href=\"https:\/\/gustavo-castro.com\/blog\/estilos-en-stable-diffusion\/\" >\n\t\t\t\tInstalaci\u00f3n y uso de estilos en Stable Diffusion\t\t\t<\/a>\n\t\t<\/h3>\n\t\t\t\t<div class=\"elementor-post__excerpt\">\n\t\t\t\t\t<\/div>\n\t\t\n\t\t<a class=\"elementor-post__read-more\" href=\"https:\/\/gustavo-castro.com\/blog\/estilos-en-stable-diffusion\/\" >\n\t\t\tVer art\u00edculo \u00bb\t\t<\/a>\n\n\t\t\t\t<\/div>\n\t\t\t\t<\/article>\n\t\t\t\t<article class=\"elementor-post elementor-grid-item post-16258 post type-post status-publish format-standard has-post-thumbnail hentry category-imagen-y-photoshop category-inteligencia-artificial category-ocio-creativo\">\n\t\t\t\t<a class=\"elementor-post__thumbnail__link\" href=\"https:\/\/gustavo-castro.com\/blog\/los-peludetes-mis-seres-favoritos\/\" >\n\t\t\t<div class=\"elementor-post__thumbnail\"><img width=\"768\" height=\"576\" src=\"https:\/\/gustavo-castro.com\/blog\/wp-content\/uploads\/2023\/11\/perretes-768x576.jpg\" class=\"attachment-medium_large size-medium_large\" alt=\"\" loading=\"lazy\" \/><\/div>\n\t\t<\/a>\n\t\t\t\t<div class=\"elementor-post__text\">\n\t\t\t\t<h3 class=\"elementor-post__title\">\n\t\t\t<a href=\"https:\/\/gustavo-castro.com\/blog\/los-peludetes-mis-seres-favoritos\/\" >\n\t\t\t\tGaler\u00eda &#8220;Los peludetes, mis seres favoritos&#8221;\t\t\t<\/a>\n\t\t<\/h3>\n\t\t\t\t<div class=\"elementor-post__excerpt\">\n\t\t\t\t\t<\/div>\n\t\t\n\t\t<a class=\"elementor-post__read-more\" href=\"https:\/\/gustavo-castro.com\/blog\/los-peludetes-mis-seres-favoritos\/\" >\n\t\t\tVer art\u00edculo \u00bb\t\t<\/a>\n\n\t\t\t\t<\/div>\n\t\t\t\t<\/article>\n\t\t\t\t<article class=\"elementor-post elementor-grid-item post-16118 post type-post status-publish format-standard has-post-thumbnail hentry category-imagen-y-photoshop category-inteligencia-artificial category-ocio-creativo\">\n\t\t\t\t<a class=\"elementor-post__thumbnail__link\" href=\"https:\/\/gustavo-castro.com\/blog\/los-superheroes-cotidianos\/\" >\n\t\t\t<div class=\"elementor-post__thumbnail\"><img width=\"768\" height=\"576\" src=\"https:\/\/gustavo-castro.com\/blog\/wp-content\/uploads\/2023\/10\/galeria-768x576.jpg\" class=\"attachment-medium_large size-medium_large\" alt=\"\" loading=\"lazy\" \/><\/div>\n\t\t<\/a>\n\t\t\t\t<div class=\"elementor-post__text\">\n\t\t\t\t<h3 class=\"elementor-post__title\">\n\t\t\t<a href=\"https:\/\/gustavo-castro.com\/blog\/los-superheroes-cotidianos\/\" >\n\t\t\t\tGaler\u00eda &#8220;Los Superh\u00e9roes cotidianos&#8221;\t\t\t<\/a>\n\t\t<\/h3>\n\t\t\t\t<div class=\"elementor-post__excerpt\">\n\t\t\t\t\t<\/div>\n\t\t\n\t\t<a class=\"elementor-post__read-more\" href=\"https:\/\/gustavo-castro.com\/blog\/los-superheroes-cotidianos\/\" >\n\t\t\tVer art\u00edculo \u00bb\t\t<\/a>\n\n\t\t\t\t<\/div>\n\t\t\t\t<\/article>\n\t\t\t\t<article class=\"elementor-post elementor-grid-item post-16006 post type-post status-publish format-standard has-post-thumbnail hentry category-inteligencia-artificial category-recursos\">\n\t\t\t\t<a class=\"elementor-post__thumbnail__link\" href=\"https:\/\/gustavo-castro.com\/blog\/prompts-stable-diffusion-bw\/\" >\n\t\t\t<div class=\"elementor-post__thumbnail\"><img width=\"768\" height=\"576\" src=\"https:\/\/gustavo-castro.com\/blog\/wp-content\/uploads\/2023\/10\/prompts-blanco-negro-768x576.jpg\" class=\"attachment-medium_large size-medium_large\" alt=\"\" loading=\"lazy\" \/><\/div>\n\t\t<\/a>\n\t\t\t\t<div class=\"elementor-post__text\">\n\t\t\t\t<h3 class=\"elementor-post__title\">\n\t\t\t<a href=\"https:\/\/gustavo-castro.com\/blog\/prompts-stable-diffusion-bw\/\" >\n\t\t\t\tPrompts de Stable Diffusion B&#038;W\t\t\t<\/a>\n\t\t<\/h3>\n\t\t\t\t<div class=\"elementor-post__excerpt\">\n\t\t\t\t\t<\/div>\n\t\t\n\t\t<a class=\"elementor-post__read-more\" href=\"https:\/\/gustavo-castro.com\/blog\/prompts-stable-diffusion-bw\/\" >\n\t\t\tVer art\u00edculo \u00bb\t\t<\/a>\n\n\t\t\t\t<\/div>\n\t\t\t\t<\/article>\n\t\t\t\t<article class=\"elementor-post elementor-grid-item post-11944 post type-post status-publish format-standard has-post-thumbnail hentry category-inteligencia-artificial\">\n\t\t\t\t<a class=\"elementor-post__thumbnail__link\" href=\"https:\/\/gustavo-castro.com\/blog\/el-poder-de-stable-diffusion\/\" >\n\t\t\t<div class=\"elementor-post__thumbnail\"><img width=\"768\" height=\"576\" src=\"https:\/\/gustavo-castro.com\/blog\/wp-content\/uploads\/2023\/09\/revolucion-creativa-768x576.jpg\" class=\"attachment-medium_large size-medium_large\" alt=\"stable diffusion\" loading=\"lazy\" \/><\/div>\n\t\t<\/a>\n\t\t\t\t<div class=\"elementor-post__text\">\n\t\t\t\t<h3 class=\"elementor-post__title\">\n\t\t\t<a href=\"https:\/\/gustavo-castro.com\/blog\/el-poder-de-stable-diffusion\/\" >\n\t\t\t\tLa Revoluci\u00f3n Creativa: El Poder de Stable Diffusion\t\t\t<\/a>\n\t\t<\/h3>\n\t\t\t\t<div class=\"elementor-post__excerpt\">\n\t\t\t\t\t<\/div>\n\t\t\n\t\t<a class=\"elementor-post__read-more\" href=\"https:\/\/gustavo-castro.com\/blog\/el-poder-de-stable-diffusion\/\" >\n\t\t\tVer art\u00edculo \u00bb\t\t<\/a>\n\n\t\t\t\t<\/div>\n\t\t\t\t<\/article>\n\t\t\t\t<\/div>\n\n\n\t\t\t\t\t<span class=\"e-load-more-spinner\">\n\t\t\t\t<i aria-hidden=\"true\" class=\"fas fa-spinner\"><\/i>\t\t\t<\/span>\n\t\t\n\t\t\t\t<\/div>\n\t\t\t\t<\/div>\n\t\t\t\t\t<\/div>\n\t\t<\/div>\n\t\t\t\t\t\t\t<\/div>\n\t\t<\/section>\n\t\t\t\t\t\t\t<\/div>\n\t\t","protected":false},"excerpt":{"rendered":"<p>Inteligencia artificial<\/p>\n","protected":false},"author":1,"featured_media":0,"parent":0,"menu_order":0,"comment_status":"closed","ping_status":"closed","template":"","meta":[],"yoast_head":"<!-- This site is optimized with the Yoast SEO plugin v20.2.1 - https:\/\/yoast.com\/wordpress\/plugins\/seo\/ -->\n<title>Inteligencia Artificial - Gustavo Castro - Dise\u00f1o y creatividad<\/title>\n<meta name=\"robots\" content=\"index, follow, max-snippet:-1, max-image-preview:large, max-video-preview:-1\" \/>\n<link rel=\"canonical\" href=\"https:\/\/gustavo-castro.com\/blog\/imagen-y-photoshop-2\/\" \/>\n<meta property=\"og:locale\" content=\"es_ES\" \/>\n<meta property=\"og:type\" content=\"article\" \/>\n<meta property=\"og:title\" content=\"Inteligencia Artificial - Gustavo Castro - Dise\u00f1o y creatividad\" \/>\n<meta property=\"og:description\" content=\"Inteligencia artificial\" \/>\n<meta property=\"og:url\" content=\"https:\/\/gustavo-castro.com\/blog\/imagen-y-photoshop-2\/\" \/>\n<meta property=\"og:site_name\" content=\"Gustavo Castro - Dise\u00f1o y creatividad\" \/>\n<meta property=\"article:modified_time\" content=\"2023-09-02T09:18:22+00:00\" \/>\n<meta name=\"twitter:card\" content=\"summary_large_image\" \/>\n<meta name=\"twitter:label1\" content=\"Est. reading time\" \/>\n\t<meta name=\"twitter:data1\" content=\"1 minuto\" \/>\n<script type=\"application\/ld+json\" class=\"yoast-schema-graph\">{\"@context\":\"https:\/\/schema.org\",\"@graph\":[{\"@type\":\"WebPage\",\"@id\":\"https:\/\/gustavo-castro.com\/blog\/imagen-y-photoshop-2\/\",\"url\":\"https:\/\/gustavo-castro.com\/blog\/imagen-y-photoshop-2\/\",\"name\":\"Inteligencia Artificial - Gustavo Castro - Dise\u00f1o y creatividad\",\"isPartOf\":{\"@id\":\"https:\/\/gustavo-castro.com\/blog\/#website\"},\"datePublished\":\"2023-09-02T08:35:39+00:00\",\"dateModified\":\"2023-09-02T09:18:22+00:00\",\"breadcrumb\":{\"@id\":\"https:\/\/gustavo-castro.com\/blog\/imagen-y-photoshop-2\/#breadcrumb\"},\"inLanguage\":\"es\",\"potentialAction\":[{\"@type\":\"ReadAction\",\"target\":[\"https:\/\/gustavo-castro.com\/blog\/imagen-y-photoshop-2\/\"]}]},{\"@type\":\"BreadcrumbList\",\"@id\":\"https:\/\/gustavo-castro.com\/blog\/imagen-y-photoshop-2\/#breadcrumb\",\"itemListElement\":[{\"@type\":\"ListItem\",\"position\":1,\"name\":\"Home\",\"item\":\"https:\/\/gustavo-castro.com\/blog\/\"},{\"@type\":\"ListItem\",\"position\":2,\"name\":\"Inteligencia Artificial\"}]},{\"@type\":\"WebSite\",\"@id\":\"https:\/\/gustavo-castro.com\/blog\/#website\",\"url\":\"https:\/\/gustavo-castro.com\/blog\/\",\"name\":\"Gustavo Castro - Dise\u00f1o y creatividad\",\"description\":\"Gustavo castro - Dise\u00f1o y creatividad. Dise\u00f1o gr\u00e1fico, publicidad y comunicaci\u00f3n visual en La Rioja. Dise\u00f1o de marcas, identidad corporativa, dise\u00f1o editorial, edici\u00f3n de video, fotograf\u00eda corporativa y de producto, campa\u00f1as de publicidad, tutoriales y recursos.\",\"publisher\":{\"@id\":\"https:\/\/gustavo-castro.com\/blog\/#\/schema\/person\/0b8b761c13c1fb5fe0af9f9f8c871a4e\"},\"potentialAction\":[{\"@type\":\"SearchAction\",\"target\":{\"@type\":\"EntryPoint\",\"urlTemplate\":\"https:\/\/gustavo-castro.com\/blog\/?s={search_term_string}\"},\"query-input\":\"required name=search_term_string\"}],\"inLanguage\":\"es\"},{\"@type\":[\"Person\",\"Organization\"],\"@id\":\"https:\/\/gustavo-castro.com\/blog\/#\/schema\/person\/0b8b761c13c1fb5fe0af9f9f8c871a4e\",\"name\":\"Gustavo Castro\",\"image\":{\"@type\":\"ImageObject\",\"inLanguage\":\"es\",\"@id\":\"https:\/\/gustavo-castro.com\/blog\/#\/schema\/person\/image\/\",\"url\":\"https:\/\/gustavo-castro.com\/blog\/wp-content\/uploads\/2022\/12\/logo-blog.png\",\"contentUrl\":\"https:\/\/gustavo-castro.com\/blog\/wp-content\/uploads\/2022\/12\/logo-blog.png\",\"width\":295,\"height\":258,\"caption\":\"Gustavo Castro\"},\"logo\":{\"@id\":\"https:\/\/gustavo-castro.com\/blog\/#\/schema\/person\/image\/\"}}]}<\/script>\n<!-- \/ Yoast SEO plugin. -->","yoast_head_json":{"title":"Inteligencia Artificial - Gustavo Castro - Dise\u00f1o y creatividad","robots":{"index":"index","follow":"follow","max-snippet":"max-snippet:-1","max-image-preview":"max-image-preview:large","max-video-preview":"max-video-preview:-1"},"canonical":"https:\/\/gustavo-castro.com\/blog\/imagen-y-photoshop-2\/","og_locale":"es_ES","og_type":"article","og_title":"Inteligencia Artificial - Gustavo Castro - Dise\u00f1o y creatividad","og_description":"Inteligencia artificial","og_url":"https:\/\/gustavo-castro.com\/blog\/imagen-y-photoshop-2\/","og_site_name":"Gustavo Castro - Dise\u00f1o y creatividad","article_modified_time":"2023-09-02T09:18:22+00:00","twitter_card":"summary_large_image","twitter_misc":{"Est. reading time":"1 minuto"},"schema":{"@context":"https:\/\/schema.org","@graph":[{"@type":"WebPage","@id":"https:\/\/gustavo-castro.com\/blog\/imagen-y-photoshop-2\/","url":"https:\/\/gustavo-castro.com\/blog\/imagen-y-photoshop-2\/","name":"Inteligencia Artificial - Gustavo Castro - Dise\u00f1o y creatividad","isPartOf":{"@id":"https:\/\/gustavo-castro.com\/blog\/#website"},"datePublished":"2023-09-02T08:35:39+00:00","dateModified":"2023-09-02T09:18:22+00:00","breadcrumb":{"@id":"https:\/\/gustavo-castro.com\/blog\/imagen-y-photoshop-2\/#breadcrumb"},"inLanguage":"es","potentialAction":[{"@type":"ReadAction","target":["https:\/\/gustavo-castro.com\/blog\/imagen-y-photoshop-2\/"]}]},{"@type":"BreadcrumbList","@id":"https:\/\/gustavo-castro.com\/blog\/imagen-y-photoshop-2\/#breadcrumb","itemListElement":[{"@type":"ListItem","position":1,"name":"Home","item":"https:\/\/gustavo-castro.com\/blog\/"},{"@type":"ListItem","position":2,"name":"Inteligencia Artificial"}]},{"@type":"WebSite","@id":"https:\/\/gustavo-castro.com\/blog\/#website","url":"https:\/\/gustavo-castro.com\/blog\/","name":"Gustavo Castro - Dise\u00f1o y creatividad","description":"Gustavo castro - Dise\u00f1o y creatividad. Dise\u00f1o gr\u00e1fico, publicidad y comunicaci\u00f3n visual en La Rioja. Dise\u00f1o de marcas, identidad corporativa, dise\u00f1o editorial, edici\u00f3n de video, fotograf\u00eda corporativa y de producto, campa\u00f1as de publicidad, tutoriales y recursos.","publisher":{"@id":"https:\/\/gustavo-castro.com\/blog\/#\/schema\/person\/0b8b761c13c1fb5fe0af9f9f8c871a4e"},"potentialAction":[{"@type":"SearchAction","target":{"@type":"EntryPoint","urlTemplate":"https:\/\/gustavo-castro.com\/blog\/?s={search_term_string}"},"query-input":"required name=search_term_string"}],"inLanguage":"es"},{"@type":["Person","Organization"],"@id":"https:\/\/gustavo-castro.com\/blog\/#\/schema\/person\/0b8b761c13c1fb5fe0af9f9f8c871a4e","name":"Gustavo Castro","image":{"@type":"ImageObject","inLanguage":"es","@id":"https:\/\/gustavo-castro.com\/blog\/#\/schema\/person\/image\/","url":"https:\/\/gustavo-castro.com\/blog\/wp-content\/uploads\/2022\/12\/logo-blog.png","contentUrl":"https:\/\/gustavo-castro.com\/blog\/wp-content\/uploads\/2022\/12\/logo-blog.png","width":295,"height":258,"caption":"Gustavo Castro"},"logo":{"@id":"https:\/\/gustavo-castro.com\/blog\/#\/schema\/person\/image\/"}}]}},"_links":{"self":[{"href":"https:\/\/gustavo-castro.com\/blog\/wp-json\/wp\/v2\/pages\/11930"}],"collection":[{"href":"https:\/\/gustavo-castro.com\/blog\/wp-json\/wp\/v2\/pages"}],"about":[{"href":"https:\/\/gustavo-castro.com\/blog\/wp-json\/wp\/v2\/types\/page"}],"author":[{"embeddable":true,"href":"https:\/\/gustavo-castro.com\/blog\/wp-json\/wp\/v2\/users\/1"}],"replies":[{"embeddable":true,"href":"https:\/\/gustavo-castro.com\/blog\/wp-json\/wp\/v2\/comments?post=11930"}],"version-history":[{"count":10,"href":"https:\/\/gustavo-castro.com\/blog\/wp-json\/wp\/v2\/pages\/11930\/revisions"}],"predecessor-version":[{"id":11943,"href":"https:\/\/gustavo-castro.com\/blog\/wp-json\/wp\/v2\/pages\/11930\/revisions\/11943"}],"wp:attachment":[{"href":"https:\/\/gustavo-castro.com\/blog\/wp-json\/wp\/v2\/media?parent=11930"}],"curies":[{"name":"wp","href":"https:\/\/api.w.org\/{rel}","templated":true}]}}